{"id":18471,"date":"2024-09-17T14:08:25","date_gmt":"2024-09-17T14:08:25","guid":{"rendered":"https:\/\/aaoifi.gh.academy\/product\/mastering-shariah-compliance-and-fiduciary-ratings-for-islamic-financial-institutions\/"},"modified":"2025-09-15T11:14:53","modified_gmt":"2025-09-15T11:14:53","slug":"mastering-shariah-compliance-and-fiduciary-ratings-for-islamic-financial-institutions","status":"publish","type":"product","link":"https:\/\/aaoifi.gh.academy\/fr\/product\/mastering-shariah-compliance-and-fiduciary-ratings-for-islamic-financial-institutions\/","title":{"rendered":"Ma\u00eetriser la conformit\u00e9 \u00e0 la charia et la notation de cr\u00e9dit"},"content":{"rendered":"","protected":false},"excerpt":{"rendered":"<p>AAOIFI workshops are designed and developed to cater to specific needs and requirements of the representatives of the regulatory and supervisory authorities, employees of Islamic financial institutions and other Islamic finance practitioners such as Shari\u2019ah scholars and consultants, including AAOIFI fellows, students and researchers.<\/p>\n","protected":false},"featured_media":17427,"template":"","meta":{"_acf_changed":false},"product_brand":[],"product_cat":[180],"product_tag":[],"class_list":{"0":"post-18471","1":"product","2":"type-product","3":"status-publish","4":"has-post-thumbnail","6":"product_cat-courses-fr","8":"first","9":"instock","10":"virtual","11":"sold-individually","12":"purchasable","13":"product-type-course"},"acf":[],"_links":{"self":[{"href":"https:\/\/aaoifi.gh.academy\/fr\/wp-json\/wp\/v2\/product\/18471","targetHints":{"allow":["GET"]}}],"collection":[{"href":"https:\/\/aaoifi.gh.academy\/fr\/wp-json\/wp\/v2\/product"}],"about":[{"href":"https:\/\/aaoifi.gh.academy\/fr\/wp-json\/wp\/v2\/types\/product"}],"wp:featuredmedia":[{"embeddable":true,"href":"https:\/\/aaoifi.gh.academy\/fr\/wp-json\/wp\/v2\/media\/17427"}],"wp:attachment":[{"href":"https:\/\/aaoifi.gh.academy\/fr\/wp-json\/wp\/v2\/media?parent=18471"}],"wp:term":[{"taxonomy":"product_brand","embeddable":true,"href":"https:\/\/aaoifi.gh.academy\/fr\/wp-json\/wp\/v2\/product_brand?post=18471"},{"taxonomy":"product_cat","embeddable":true,"href":"https:\/\/aaoifi.gh.academy\/fr\/wp-json\/wp\/v2\/product_cat?post=18471"},{"taxonomy":"product_tag","embeddable":true,"href":"https:\/\/aaoifi.gh.academy\/fr\/wp-json\/wp\/v2\/product_tag?post=18471"}],"curies":[{"name":"wp","href":"https:\/\/api.w.org\/{rel}","templated":true}]}}