{"id":17919,"date":"2020-09-13T09:50:23","date_gmt":"2020-09-13T09:50:23","guid":{"rendered":"https:\/\/aaoifi.gh.academy\/events\/"},"modified":"2025-08-18T11:33:24","modified_gmt":"2025-08-18T11:33:24","slug":"events","status":"publish","type":"page","link":"https:\/\/aaoifi.gh.academy\/fr\/events\/","title":{"rendered":"\u00c9v\u00e9nements"},"content":{"rendered":"\t\t<div data-elementor-type=\"wp-page\" data-elementor-id=\"17919\" class=\"elementor elementor-17919 elementor-3102\" data-elementor-post-type=\"page\">\n\t\t\t\t\t\t<section class=\"elementor-section elementor-top-section elementor-element elementor-element-09f12d0 elementor-section-full_width elementor-section-height-min-height elementor-section-stretched elementor-section-height-default elementor-section-items-middle\" data-id=\"09f12d0\" data-element_type=\"section\" data-e-type=\"section\" data-settings=\"{&quot;stretch_section&quot;:&quot;section-stretched&quot;,&quot;background_background&quot;:&quot;classic&quot;}\">\n\t\t\t\t\t\t<div class=\"elementor-container elementor-column-gap-default\">\n\t\t\t\t\t<div class=\"elementor-column elementor-col-100 elementor-top-column elementor-element elementor-element-efa45f3\" data-id=\"efa45f3\" data-element_type=\"column\" data-e-type=\"column\">\n\t\t\t<div class=\"elementor-widget-wrap elementor-element-populated\">\n\t\t\t\t\t\t<div class=\"elementor-element elementor-element-25d9418 elementor-widget elementor-widget-heading\" data-id=\"25d9418\" data-element_type=\"widget\" data-e-type=\"widget\" data-widget_type=\"heading.default\">\n\t\t\t\t<div class=\"elementor-widget-container\">\n\t\t\t\t\t<h1 class=\"elementor-heading-title elementor-size-default\">\u00c9v\u00e9nements<\/h1>\t\t\t\t<\/div>\n\t\t\t\t<\/div>\n\t\t\t\t<div class=\"elementor-element elementor-element-86c0269 elementor-widget elementor-widget-woocommerce-breadcrumb\" data-id=\"86c0269\" data-element_type=\"widget\" data-e-type=\"widget\" data-widget_type=\"woocommerce-breadcrumb.default\">\n\t\t\t\t<div class=\"elementor-widget-container\">\n\t\t\t\t\t<nav class=\"woocommerce-breadcrumb\" aria-label=\"Breadcrumb\">Accueil<\/nav>\t\t\t\t<\/div>\n\t\t\t\t<\/div>\n\t\t\t\t\t<\/div>\n\t\t<\/div>\n\t\t\t\t\t<\/div>\n\t\t<\/section>\n\t\t\t\t<section class=\"elementor-section elementor-top-section elementor-element elementor-element-69a7fb8 elementor-section-boxed elementor-section-height-default elementor-section-height-default\" data-id=\"69a7fb8\" data-element_type=\"section\" data-e-type=\"section\">\n\t\t\t\t\t\t<div class=\"elementor-container elementor-column-gap-default\">\n\t\t\t\t\t<div class=\"elementor-column elementor-col-100 elementor-top-column elementor-element elementor-element-90a6cbb\" data-id=\"90a6cbb\" data-element_type=\"column\" data-e-type=\"column\">\n\t\t\t<div class=\"elementor-widget-wrap elementor-element-populated\">\n\t\t\t\t\t\t<div class=\"elementor-element elementor-element-a69084a elementor-widget elementor-widget-rs-event-grid\" data-id=\"a69084a\" data-element_type=\"widget\" data-e-type=\"widget\" data-widget_type=\"rs-event-grid.default\">\n\t\t\t\t<div class=\"elementor-widget-container\">\n\t\t\t\t\t\r\n\r\n\r\n\t      \r\n\t\t\t<div id=\"rs-event\" class=\"rs-events-grid rs-events-style1\">\t\r\n\t\t\t\t<div class=\"inner-column\">\r\n\t\t\t\t\t<div class=\"blocks-outer\">\r\n\t\t\t\t\t\t<div class=\"row\">\r\n\t\t\t\t\t\t\t\t\r\n\r\n\t\t\t\t\t\t\t<div class=\"event-block col-lg-12\">\t\t\t\t\t\t\t\t\r\n\t\t\t\t\t\t\t\t<!-- Event Block -->\r\n\r\n\t\t\t\t\t\t\t\t<div class=\"events-short centers\">\r\n                                    <div class=\"date-part\" >\r\n                                        <span class=\"month\">May<\/span>\r\n                                        <div class=\"date\">\r\n                                        \t07 \r\n                                        <\/div>\r\n                                    <\/div>\r\n                                    <div class=\"content-part\"> \r\n                                    \t                               \t\r\n                                        <div class=\"categorie\">\r\n                                        \t                                            \t\t\r\n                                                                                    \t\t                                        \t<div class=\"time\">\r\n\t                                        \t<i class=\"far fa-clock\"><\/i> 11:00 AM - 08:00 PM\t                                        \t<\/div>\r\n                                        \t                                        \t                                        \t\t<div class=\"address\"><i class=\"fa fa-map-o\"><\/i> Crowne Plaza Manama (Bahre\u00efn)<\/div>\r\n                                        \t                                        <\/div>\t\r\n                                                                            \r\n\r\n                                        <h4 class=\"title mb-0\"><a href=\"https:\/\/aaoifi.gh.academy\/fr\/event\/aaoifi-21st-annual-shariah-boards-conference\/\">21E CONFERENCE ANNUELLE DES CONSEILS DE LA CHARIA DE L&#8217;AAOIFI<\/a><\/h4>\r\n                                        \t                                        <p class=\"txt\">L'Organisation de comptabilit\u00e9 et d'audit pour les institutions financi\u00e8res islamiques (AAOIFI), sous l'\u00e9gide de la Banque centrale de Bahre\u00efn, organisera...<\/p>\r\n\t                                                                        <\/div>\r\n                                <\/div>\r\n\r\n\r\n\t\t\t\t\r\n\t\t\t\t\t\t\t<\/div>\r\n\t\t\t\t\t\t\t\r\n\t\t\t\t\t\t\t\r\n\r\n\t\t\t\t\t\t\t<div class=\"event-block col-lg-12\">\t\t\t\t\t\t\t\t\r\n\t\t\t\t\t\t\t\t<!-- Event Block -->\r\n\r\n\t\t\t\t\t\t\t\t<div class=\"events-short centers\">\r\n                                    <div class=\"date-part\" >\r\n                                        <span class=\"month\">May<\/span>\r\n                                        <div class=\"date\">\r\n                                        \t07 \r\n                                        <\/div>\r\n                                    <\/div>\r\n                                    <div class=\"content-part\"> \r\n                                    \t                               \t\r\n                                        <div class=\"categorie\">\r\n                                        \t                                            \t\t\r\n                                                                                    \t\t                                        \t<div class=\"time\">\r\n\t                                        \t<i class=\"far fa-clock\"><\/i> 02:35 PM - 08:00 PM\t                                        \t<\/div>\r\n                                        \t                                        \t                                        \t\t<div class=\"address\"><i class=\"fa fa-map-o\"><\/i> H\u00f4tel Serena, Islamabad<\/div>\r\n                                        \t                                        <\/div>\t\r\n                                                                            \r\n\r\n                                        <h4 class=\"title mb-0\"><a href=\"https:\/\/aaoifi.gh.academy\/fr\/event\/aaoifi-secp-islamic-capital-markets-conference\/\">CONFERENCE AAOIFI-SECP SUR LES MARCHES DES CAPITAUX ISLAMIQUES<\/a><\/h4>\r\n                                        \t                                        <p class=\"txt\">La croissance sans pr\u00e9c\u00e9dent de la finance islamique \u00e0 l'\u00e9chelle mondiale en a fait un secteur pesant 3 060 milliards...<\/p>\r\n\t                                                                        <\/div>\r\n                                <\/div>\r\n\r\n\r\n\t\t\t\t\r\n\t\t\t\t\t\t\t<\/div>\r\n\t\t\t\t\t\t\t\r\n\t\t\t\t\t\t\t\r\n\r\n\t\t\t\t\t\t\t<div class=\"event-block col-lg-12\">\t\t\t\t\t\t\t\t\r\n\t\t\t\t\t\t\t\t<!-- Event Block -->\r\n\r\n\t\t\t\t\t\t\t\t<div class=\"events-short centers\">\r\n                                    <div class=\"date-part\" >\r\n                                        <span class=\"month\">May<\/span>\r\n                                        <div class=\"date\">\r\n                                        \t07 \r\n                                        <\/div>\r\n                                    <\/div>\r\n                                    <div class=\"content-part\"> \r\n                                    \t                               \t\r\n                                        <div class=\"categorie\">\r\n                                        \t                                            \t\t\r\n                                                                                    \t\t                                        \t<div class=\"time\">\r\n\t                                        \t<i class=\"far fa-clock\"><\/i> 11:00 AM - 03:00 PM\t                                        \t<\/div>\r\n                                        \t                                        \t                                        \t\t<div class=\"address\"><i class=\"fa fa-map-o\"><\/i> Manama - Bahre\u00efn<\/div>\r\n                                        \t                                        <\/div>\t\r\n                                                                            \r\n\r\n                                        <h4 class=\"title mb-0\"><a href=\"https:\/\/aaoifi.gh.academy\/fr\/event\/aaoifi-isdb-19th-annual-islamic-banking-and-finance-conference-2024\/\">19E CONFERENCE ANNUELLE SUR LA FINANCE DE L&#8217;AAOIFI-BID 2024<\/a><\/h4>\r\n                                        \t                                        <p class=\"txt\">L'Organisation de comptabilit\u00e9 et d'audit pour les institutions financi\u00e8res islamiques (AAOIFI), en collaboration avec le Groupe de la Banque islamique...<\/p>\r\n\t                                                                        <\/div>\r\n                                <\/div>\r\n\r\n\r\n\t\t\t\t\r\n\t\t\t\t\t\t\t<\/div>\r\n\t\t\t\t\t\t\t\r\n\t\t\t\t\t\t\t\r\n\t\t\t\t\t<\/div>\r\n\t\t\t   \t\t<\/div>  \r\n\t\t\t\t<\/div>\t\r\n\t\t\t<\/div>\r\n\t\t \r\n\r\n\r\n\r\n\t\t   \r\n\r\n\t\t\t\t\t\t<\/div>\n\t\t\t\t<\/div>\n\t\t\t\t\t<\/div>\n\t\t<\/div>\n\t\t\t\t\t<\/div>\n\t\t<\/section>\n\t\t\t\t<\/div>\n\t\t","protected":false},"excerpt":{"rendered":"<p>Jan 01 &#8211; 21E CONFERENCE ANNUELLE DES CONSEILS DE LA CHARIA DE L&#8217;AAOIFI L&#8217;Organisation de comptabilit\u00e9 et d&#8217;audit pour les institutions financi\u00e8res islamiques (AAOIFI), sous l&#8217;\u00e9gide de la Banque centrale de Bahre\u00efn, organisera&#8230; Jan 01 &#8211; CONFERENCE AAOIFI-SECP SUR LES MARCHES DES CAPITAUX ISLAMIQUES La croissance sans pr\u00e9c\u00e9dent de la finance islamique \u00e0 l&#8217;\u00e9chelle mondiale&#8230;<\/p>\n","protected":false},"author":1,"featured_media":0,"parent":0,"menu_order":0,"comment_status":"closed","ping_status":"closed","template":"","meta":{"_acf_changed":false,"footnotes":""},"class_list":["post-17919","page","type-page","status-publish","hentry"],"acf":[],"_links":{"self":[{"href":"https:\/\/aaoifi.gh.academy\/fr\/wp-json\/wp\/v2\/pages\/17919","targetHints":{"allow":["GET"]}}],"collection":[{"href":"https:\/\/aaoifi.gh.academy\/fr\/wp-json\/wp\/v2\/pages"}],"about":[{"href":"https:\/\/aaoifi.gh.academy\/fr\/wp-json\/wp\/v2\/types\/page"}],"author":[{"embeddable":true,"href":"https:\/\/aaoifi.gh.academy\/fr\/wp-json\/wp\/v2\/users\/1"}],"replies":[{"embeddable":true,"href":"https:\/\/aaoifi.gh.academy\/fr\/wp-json\/wp\/v2\/comments?post=17919"}],"version-history":[{"count":19,"href":"https:\/\/aaoifi.gh.academy\/fr\/wp-json\/wp\/v2\/pages\/17919\/revisions"}],"predecessor-version":[{"id":18057,"href":"https:\/\/aaoifi.gh.academy\/fr\/wp-json\/wp\/v2\/pages\/17919\/revisions\/18057"}],"wp:attachment":[{"href":"https:\/\/aaoifi.gh.academy\/fr\/wp-json\/wp\/v2\/media?parent=17919"}],"curies":[{"name":"wp","href":"https:\/\/api.w.org\/{rel}","templated":true}]}}